{"id":7691,"date":"2026-04-09T23:22:22","date_gmt":"2026-04-09T20:22:22","guid":{"rendered":"https:\/\/trailsilvania.com\/?page_id=7691"},"modified":"2026-04-09T23:22:48","modified_gmt":"2026-04-09T20:22:48","slug":"despre-vol-2","status":"publish","type":"page","link":"https:\/\/trailsilvania.com\/index.php\/despre-vol-2\/","title":{"rendered":"Despre (Vol. 2)"},"content":{"rendered":"\n<div class=\"wp-block-media-text is-stacked-on-mobile\"><figure class=\"wp-block-media-text__media\"><img loading=\"lazy\" decoding=\"async\" width=\"302\" height=\"413\" src=\"https:\/\/trailsilvania.com\/wp-content\/uploads\/2026\/04\/image-1.png\" alt=\"\" class=\"wp-image-7693 size-full\" srcset=\"https:\/\/trailsilvania.com\/wp-content\/uploads\/2026\/04\/image-1.png 302w, https:\/\/trailsilvania.com\/wp-content\/uploads\/2026\/04\/image-1-219x300.png 219w\" sizes=\"auto, (max-width: 302px) 100vw, 302px\" \/><\/figure><div class=\"wp-block-media-text__content\">\n<p>TRAILSILVANIA SESSIONS vol. 2<\/p>\n\n\n\n<p>Organiz\u0103m o sesiune de dat la vale cronometrat\u0103 pe traseul Uliu din F\u0103get \u00een data de 25 aprilie, \u00eentr-un format similar curselor de DH, dar pe un traseu mai degrab\u0103 pretabil pentru enduro. Inten\u021bia este de a aduna comunitatea la dat, \u00eentr-un cadru semi-competitiv \u015fi prietenos. Cronometrarea o facem noi, e posibil s\u0103 apar\u0103 erori, fi\u021bi relaxa\u021bi \u015fi p\u0103stra\u021bi-v\u0103 pentru competi\u021biile oficiale.<\/p>\n\n\n\n<p>\u00ceNSCRIERI<\/p>\n\n\n\n<p>Gratuite, posibile p\u00e2n\u0103 pe 22 aprilie. Nu facem \u00eenscrieri la fa\u021ba locului.<\/p>\n\n\n\n<p>CATEGORII<\/p>\n\n\n\n<p>fete \/ b\u0103ie\u021bi<br>e-fete \/ e-b\u0103ie\u021bi<\/p>\n\n\n\n<p>Dac\u0103 exist\u0103 participan\u021bi care doresc s\u0103 concureze la ambele categorii &#8211; clasic \u015fi ebike nu fete \u015fi b\u0103ie\u021bi &#8211; \u00eei \u00eencuraj\u0103m s\u0103 o fac\u0103. Taxa r\u0103m\u00e2ne aceea\u0219i \ud83d\ude42<\/p>\n\n\n\n<p>BASECAMP<\/p>\n\n\n\n<p>D\u0103m drumul la un gr\u0103tar in poiana dinainte de Uliu. Acolo pute\u021bi s\u0103 v\u0103 l\u0103sa\u021bi bagajele, s\u0103 v\u0103 hidrata\u021bi \u015fi alimenta\u021bi.<br>Dac\u0103 prefera\u021bi pizza, pute\u021bi face o comand\u0103 la prietenii de la Pizza 502.<br>Sugestia e fie s\u0103 veni\u021bi pe biciclet\u0103, fie s\u0103 l\u0103sa\u021bi ma\u0219ina mai departe de basecamp.<\/p>\n\n\n\n<p>TRASEU<\/p>\n\n\n\n<p>Uliu, cu modific\u0103ri<\/p>\n\n\n\n<p>PROGRAM<\/p>\n\n\n\n<p>11:00 \u2013 13:00 Antrenamente<br>13:00 \u2013 14:00 Calific\u0103ri<br>14:00 \u2013 15:00 Final\u0103<br>15:00 &#8211; socializare in basecamp<\/p>\n\n\n\n<p>REGULAMENT<\/p>\n\n\n\n<p>\u00cen intervalul 11:00 \u2013 13:00, fiecare participant poate face c\u00e2te ture dore\u0219te.<\/p>\n\n\n\n<p>\u00cen intervalul 13:00 \u2013 14:00, fiecare participant are dreptul la o tur\u0103 cronometrat\u0103.<\/p>\n\n\n\n<p>\u00cen intervalul 14:00 \u2013 15:00, fiecare participant are dreptul la o tur\u0103 cronometrat\u0103.<\/p>\n\n\n\n<p>PODIUMUL<\/p>\n\n\n\n<p>Se adun\u0103 cei doi timpi, iar participantul cu cel mai mic timp total este c\u00e2\u0219tig\u0103tor.<\/p>\n\n\n\n<p>PREMII<\/p>\n\n\n\n<p>Egale cu suma taxelor de \u00eenscriere. Faima de a fi \u201cBest of Uliu\u201d!<\/p>\n<\/div><\/div>\n\n\n\n<p><\/p>\n","protected":false},"excerpt":{"rendered":"<p>TRAILSILVANIA SESSIONS vol. 2 Organiz\u0103m o sesiune de dat la vale cronometrat\u0103 pe traseul Uliu din F\u0103get \u00een data de 25 aprilie, \u00eentr-un format similar curselor de DH, dar pe un traseu mai degrab\u0103 pretabil pentru enduro. Inten\u021bia este de a aduna comunitatea la dat, \u00eentr-un cadru semi-competitiv \u015fi prietenos. Cronometrarea o facem noi, e &hellip; <\/p>\n<p class=\"link-more\"><a href=\"https:\/\/trailsilvania.com\/index.php\/despre-vol-2\/\" class=\"more-link\">Read more<span class=\"screen-reader-text\"> &#8220;Despre (Vol. 2)&#8221;<\/span><\/a><\/p>\n","protected":false},"author":1,"featured_media":0,"parent":0,"menu_order":0,"comment_status":"closed","ping_status":"closed","template":"","meta":{"give_campaign_id":0,"om_disable_all_campaigns":false,"_monsterinsights_skip_tracking":false,"_monsterinsights_sitenote_active":false,"_monsterinsights_sitenote_note":"","_monsterinsights_sitenote_category":0,"footnotes":""},"class_list":["post-7691","page","type-page","status-publish","hentry"],"aioseo_notices":[],"campaignId":"","featured_media_urls":[],"_links":{"self":[{"href":"https:\/\/trailsilvania.com\/index.php\/wp-json\/wp\/v2\/pages\/7691","targetHints":{"allow":["GET"]}}],"collection":[{"href":"https:\/\/trailsilvania.com\/index.php\/wp-json\/wp\/v2\/pages"}],"about":[{"href":"https:\/\/trailsilvania.com\/index.php\/wp-json\/wp\/v2\/types\/page"}],"author":[{"embeddable":true,"href":"https:\/\/trailsilvania.com\/index.php\/wp-json\/wp\/v2\/users\/1"}],"replies":[{"embeddable":true,"href":"https:\/\/trailsilvania.com\/index.php\/wp-json\/wp\/v2\/comments?post=7691"}],"version-history":[{"count":2,"href":"https:\/\/trailsilvania.com\/index.php\/wp-json\/wp\/v2\/pages\/7691\/revisions"}],"predecessor-version":[{"id":7701,"href":"https:\/\/trailsilvania.com\/index.php\/wp-json\/wp\/v2\/pages\/7691\/revisions\/7701"}],"wp:attachment":[{"href":"https:\/\/trailsilvania.com\/index.php\/wp-json\/wp\/v2\/media?parent=7691"}],"curies":[{"name":"wp","href":"https:\/\/api.w.org\/{rel}","templated":true}]}}